
{"id":181,"date":"2018-11-19T17:39:26","date_gmt":"2018-11-19T16:39:26","guid":{"rendered":"http:\/\/www.winandi.de\/zahnarzt\/?page_id=181"},"modified":"2022-06-10T08:34:43","modified_gmt":"2022-06-10T06:34:43","slug":"willkommen","status":"publish","type":"page","link":"https:\/\/www.winandi.de\/zahnarzt\/","title":{"rendered":"Willkommen"},"content":{"rendered":"<h1>Dr. med. dent. Stefan Winandi<\/h1>\n<p>Moislinger M\u00fchlenweg 44a<br \/>\n23560 L\u00fcbeck<\/p>\n<p>Telefon: 0451\/ 801750<br \/>\nE-Mail: <a class=\"style_2\" title=\"Anfrage von der Internetseite\" href=\"mailto:dr.stefan@winandi.de?subject=Anfrage%20von%20der%20Internetseite\">dr.stefan@winandi.de<\/a><\/p>\n<h3>\u00d6ffnungszeiten<\/h3>\n<p>Montag und Dienstag 8-12 Uhr und 14-18 Uhr<br \/>\nMittwoch und Freitag 8-13 Uhr<br \/>\nDonnerstag 8-12 Uhr und 14-19 Uhr<\/p>\n<p>Um Terminvereinbarung wird gebeten, um l\u00e4ngere Wartezeiten zu vermeiden.<\/p>\n<p><img loading=\"lazy\" class=\"alignnone size-medium wp-image-273\" src=\"https:\/\/www.winandi.de\/zahnarzt\/wp-content\/uploads\/2018\/11\/Praxis-2018-118-300x169.jpg\" alt=\"\" width=\"300\" height=\"169\" srcset=\"https:\/\/www.winandi.de\/zahnarzt\/wp-content\/uploads\/2018\/11\/Praxis-2018-118-300x169.jpg 300w, https:\/\/www.winandi.de\/zahnarzt\/wp-content\/uploads\/2018\/11\/Praxis-2018-118-768x432.jpg 768w, https:\/\/www.winandi.de\/zahnarzt\/wp-content\/uploads\/2018\/11\/Praxis-2018-118-1024x576.jpg 1024w, https:\/\/www.winandi.de\/zahnarzt\/wp-content\/uploads\/2018\/11\/Praxis-2018-118.jpg 1920w\" sizes=\"(max-width: 300px) 100vw, 300px\" \/><\/p>\n<p><img loading=\"lazy\" class=\"alignnone size-medium wp-image-51\" src=\"https:\/\/www.winandi.de\/zahnarzt\/wp-content\/uploads\/2018\/11\/Praxisbilder-Okt.-2014-025-300x169.jpg\" alt=\"\" width=\"300\" height=\"169\" srcset=\"https:\/\/www.winandi.de\/zahnarzt\/wp-content\/uploads\/2018\/11\/Praxisbilder-Okt.-2014-025-300x169.jpg 300w, https:\/\/www.winandi.de\/zahnarzt\/wp-content\/uploads\/2018\/11\/Praxisbilder-Okt.-2014-025-768x432.jpg 768w, https:\/\/www.winandi.de\/zahnarzt\/wp-content\/uploads\/2018\/11\/Praxisbilder-Okt.-2014-025-1024x576.jpg 1024w, https:\/\/www.winandi.de\/zahnarzt\/wp-content\/uploads\/2018\/11\/Praxisbilder-Okt.-2014-025.jpg 1920w\" sizes=\"(max-width: 300px) 100vw, 300px\" \/><\/p>\n<p><img loading=\"lazy\" class=\"alignnone size-medium wp-image-280\" src=\"https:\/\/www.winandi.de\/zahnarzt\/wp-content\/uploads\/2018\/11\/Praxis-2018-123-300x169.jpg\" alt=\"\" width=\"300\" height=\"169\" srcset=\"https:\/\/www.winandi.de\/zahnarzt\/wp-content\/uploads\/2018\/11\/Praxis-2018-123-300x169.jpg 300w, https:\/\/www.winandi.de\/zahnarzt\/wp-content\/uploads\/2018\/11\/Praxis-2018-123-768x432.jpg 768w, https:\/\/www.winandi.de\/zahnarzt\/wp-content\/uploads\/2018\/11\/Praxis-2018-123-1024x576.jpg 1024w, https:\/\/www.winandi.de\/zahnarzt\/wp-content\/uploads\/2018\/11\/Praxis-2018-123.jpg 1920w\" sizes=\"(max-width: 300px) 100vw, 300px\" \/><\/p>\n<p><img loading=\"lazy\" class=\"alignnone size-medium wp-image-281\" src=\"https:\/\/www.winandi.de\/zahnarzt\/wp-content\/uploads\/2018\/11\/Praxis-2018-124-300x169.jpg\" alt=\"\" width=\"300\" height=\"169\" srcset=\"https:\/\/www.winandi.de\/zahnarzt\/wp-content\/uploads\/2018\/11\/Praxis-2018-124-300x169.jpg 300w, https:\/\/www.winandi.de\/zahnarzt\/wp-content\/uploads\/2018\/11\/Praxis-2018-124-768x432.jpg 768w, https:\/\/www.winandi.de\/zahnarzt\/wp-content\/uploads\/2018\/11\/Praxis-2018-124-1024x576.jpg 1024w, https:\/\/www.winandi.de\/zahnarzt\/wp-content\/uploads\/2018\/11\/Praxis-2018-124.jpg 1920w\" sizes=\"(max-width: 300px) 100vw, 300px\" \/><\/p>\n<h2>Anfahrt<\/h2>\n<p>Die Praxisr\u00e4ume im Moislinger M\u00fchlenweg 44a befinden sich im Erdgescho\u00df und sind\u00a0 barrierefrei und somit behindertengerecht zu erreichen. Zwischen B\u00fcrgersteig und s\u00e4mtlichen R\u00e4umlichkeiten der Praxis befinden sich keine Stufen, sowie ausreichend breite Eingangst\u00fcren. Zahlreiche kostenlose Parkpl\u00e4tze befinden sich unmittelbar vor den Praxisr\u00e4umen.<\/p>\n<h3>Mit dem PKW<\/h3>\n<p>Mit dem PKW errreichen Sie uns \u00fcber die Stra\u00dfen Moislinger Baum, Moislinger Berg beziehungsweise \u00fcber die Geniner Dorfstrasse (Strecknitzstra\u00dfe). Beide Anfahrtswege m\u00fcnden in die August-Bebel Stra\u00dfe. \u00dcber die August-Bebel Stra\u00dfe gelangt man nach ca. 300m links in den Moislinger M\u00fchlenweg, wo sich unmittelbar nach einer Rechtkurve die Praxis auf der rechten Stra\u00dfenseite befindet.<br \/>\nDirekt vor der Praxis k\u00f6nnen Sie kostenlos parken.<\/p>\n<h3>\u00d6ffentliche Verkehrsmittel<\/h3>\n<p>Mit dem Stadtwerkebus gelangen Sie am bequemsten mit der Linie 5, aber auch mit den Linien 7 und 11 \u00a0(Richtung Moisling), Haltestelle August-Bebel-Stra\u00dfe,\u00a0zu uns.\u00a0Die Buslinie 12 mit der Haltestelle Moislinger M\u00fchlenweg\u00a0h\u00e4lt \u00a0in nur ca. 150 Meter Entfernung von der Praxis.<\/p>\n","protected":false},"excerpt":{"rendered":"<p>Dr. med. dent. Stefan Winandi Moislinger M\u00fchlenweg 44a 23560 L\u00fcbeck Telefon: 0451\/ 801750 E-Mail: dr.stefan@winandi.de \u00d6ffnungszeiten Montag und Dienstag 8-12 Uhr und 14-18 Uhr Mittwoch und Freitag 8-13 Uhr Donnerstag 8-12 Uhr und 14-19 Uhr Um Terminvereinbarung wird gebeten, um l\u00e4ngere Wartezeiten zu vermeiden. Anfahrt Die Praxisr\u00e4ume im Moislinger M\u00fchlenweg 44a befinden sich im Erdgescho\u00df &hellip; <\/p>\n<p class=\"link-more\"><a href=\"https:\/\/www.winandi.de\/zahnarzt\/\" class=\"more-link\"><span class=\"screen-reader-text\">\u201eWillkommen\u201c<\/span> weiterlesen<\/a><\/p>\n","protected":false},"author":1,"featured_media":0,"parent":0,"menu_order":0,"comment_status":"closed","ping_status":"closed","template":"","meta":[],"_links":{"self":[{"href":"https:\/\/www.winandi.de\/zahnarzt\/wp-json\/wp\/v2\/pages\/181"}],"collection":[{"href":"https:\/\/www.winandi.de\/zahnarzt\/wp-json\/wp\/v2\/pages"}],"about":[{"href":"https:\/\/www.winandi.de\/zahnarzt\/wp-json\/wp\/v2\/types\/page"}],"author":[{"embeddable":true,"href":"https:\/\/www.winandi.de\/zahnarzt\/wp-json\/wp\/v2\/users\/1"}],"replies":[{"embeddable":true,"href":"https:\/\/www.winandi.de\/zahnarzt\/wp-json\/wp\/v2\/comments?post=181"}],"version-history":[{"count":12,"href":"https:\/\/www.winandi.de\/zahnarzt\/wp-json\/wp\/v2\/pages\/181\/revisions"}],"predecessor-version":[{"id":343,"href":"https:\/\/www.winandi.de\/zahnarzt\/wp-json\/wp\/v2\/pages\/181\/revisions\/343"}],"wp:attachment":[{"href":"https:\/\/www.winandi.de\/zahnarzt\/wp-json\/wp\/v2\/media?parent=181"}],"curies":[{"name":"wp","href":"https:\/\/api.w.org\/{rel}","templated":true}]}}