
{"id":227,"date":"2018-11-19T18:24:50","date_gmt":"2018-11-19T17:24:50","guid":{"rendered":"http:\/\/www.winandi.de\/zahnarzt\/?page_id=227"},"modified":"2018-11-26T10:32:29","modified_gmt":"2018-11-26T09:32:29","slug":"prophylaxe","status":"publish","type":"page","link":"https:\/\/www.winandi.de\/zahnarzt\/prophylaxe\/","title":{"rendered":"Prophylaxe"},"content":{"rendered":"<h2>Professionelle Zahnreinigung\/Prophylaxe<\/h2>\n<p>Als Hauptverursacher von Karies und Parodontose gelten bakterielle Zahnbel\u00e4ge und sogenannte \u201ePlaque\u201c. Diese Bel\u00e4ge bilden sich auf den Zahnoberfl\u00e4chen und in den Zahnzwischenr\u00e4umen. Selbst eine noch so sorgf\u00e4ltige und intensive Zahnpflege kann diese dauerhaften Verschmutzungen nicht vollst\u00e4ndig entfernen.<\/p>\n<p>Eine regelm\u00e4\u00dfig durchgef\u00fchrte professionelle Zahnreinigung (PZR) beseitigt nicht nur die weichen und harten Bel\u00e4ge. Sie bietet zus\u00e4tzlich den besten Schutz vor Zahnfleischerkrankungen und Karies, da sie Stellen erreicht, die selbst durch die beste Zahnpflege nicht zug\u00e4nglich sind.\u00a0 Durch Vorsorge und Pflege wird somit das Entstehen von sch\u00e4dlichen Bel\u00e4gen und Zahnstein minimiert. Mit feinsten Ultraschallinstrumenten, zahnschonender Reinigungstechnik, gr\u00fcndlicher Politur in mehreren Schritten und anschlie\u00dfender Fluoridierung werden die Z\u00e4hne gereinigt, glatter, gl\u00e4nzender und heller.<\/p>\n<p>Die\u00a0 professionelle Zahnreinigung beinhaltet neben einer allgemeinen, gr\u00fcndlichen Untersuchung der Mundh\u00f6hle auch spezielle Ma\u00dfnahmen zum Schutz vor Zahn- und Zahnfleischerkrankungen.<\/p>\n<p><img loading=\"lazy\" class=\"alignnone size-medium wp-image-70\" src=\"https:\/\/www.winandi.de\/zahnarzt\/wp-content\/uploads\/2018\/11\/Praxisbilder-teil-2-032-300x169.jpg\" alt=\"\" width=\"300\" height=\"169\" srcset=\"https:\/\/www.winandi.de\/zahnarzt\/wp-content\/uploads\/2018\/11\/Praxisbilder-teil-2-032-300x169.jpg 300w, https:\/\/www.winandi.de\/zahnarzt\/wp-content\/uploads\/2018\/11\/Praxisbilder-teil-2-032-768x432.jpg 768w, https:\/\/www.winandi.de\/zahnarzt\/wp-content\/uploads\/2018\/11\/Praxisbilder-teil-2-032-1024x576.jpg 1024w, https:\/\/www.winandi.de\/zahnarzt\/wp-content\/uploads\/2018\/11\/Praxisbilder-teil-2-032.jpg 1920w\" sizes=\"(max-width: 300px) 100vw, 300px\" \/><br \/>\n<img loading=\"lazy\" class=\"alignnone size-medium wp-image-59\" src=\"https:\/\/www.winandi.de\/zahnarzt\/wp-content\/uploads\/2018\/11\/Praxisbilder-teil-2-020-300x169.jpg\" alt=\"\" width=\"300\" height=\"169\" srcset=\"https:\/\/www.winandi.de\/zahnarzt\/wp-content\/uploads\/2018\/11\/Praxisbilder-teil-2-020-300x169.jpg 300w, https:\/\/www.winandi.de\/zahnarzt\/wp-content\/uploads\/2018\/11\/Praxisbilder-teil-2-020-768x432.jpg 768w, https:\/\/www.winandi.de\/zahnarzt\/wp-content\/uploads\/2018\/11\/Praxisbilder-teil-2-020-1024x576.jpg 1024w, https:\/\/www.winandi.de\/zahnarzt\/wp-content\/uploads\/2018\/11\/Praxisbilder-teil-2-020.jpg 1920w\" sizes=\"(max-width: 300px) 100vw, 300px\" \/><\/p>\n<h1>Wir informieren Sie gerne und ausf\u00fchrlich!<\/h1>\n<p>Wir zeigen Ihnen gerne die individuelle Optimierung Ihrer Mundhygiene. Der Umgang mit Hilfmitteln wie Zahnseide, Zahnzwischenraumb\u00fcrsten etc. wird Ihnen dabei ausf\u00fchrlich erl\u00e4utert und gezeigt.<\/p>\n<p><img loading=\"lazy\" class=\"alignnone size-medium wp-image-42\" src=\"https:\/\/www.winandi.de\/zahnarzt\/wp-content\/uploads\/2018\/11\/Praxisbilder-Okt.-2014-015-300x169.jpg\" alt=\"\" width=\"300\" height=\"169\" srcset=\"https:\/\/www.winandi.de\/zahnarzt\/wp-content\/uploads\/2018\/11\/Praxisbilder-Okt.-2014-015-300x169.jpg 300w, https:\/\/www.winandi.de\/zahnarzt\/wp-content\/uploads\/2018\/11\/Praxisbilder-Okt.-2014-015-768x432.jpg 768w, https:\/\/www.winandi.de\/zahnarzt\/wp-content\/uploads\/2018\/11\/Praxisbilder-Okt.-2014-015-1024x576.jpg 1024w, https:\/\/www.winandi.de\/zahnarzt\/wp-content\/uploads\/2018\/11\/Praxisbilder-Okt.-2014-015.jpg 1920w\" sizes=\"(max-width: 300px) 100vw, 300px\" \/><\/p>\n","protected":false},"excerpt":{"rendered":"<p>Professionelle Zahnreinigung\/Prophylaxe Als Hauptverursacher von Karies und Parodontose gelten bakterielle Zahnbel\u00e4ge und sogenannte \u201ePlaque\u201c. Diese Bel\u00e4ge bilden sich auf den Zahnoberfl\u00e4chen und in den Zahnzwischenr\u00e4umen. Selbst eine noch so sorgf\u00e4ltige und intensive Zahnpflege kann diese dauerhaften Verschmutzungen nicht vollst\u00e4ndig entfernen. Eine regelm\u00e4\u00dfig durchgef\u00fchrte professionelle Zahnreinigung (PZR) beseitigt nicht nur die weichen und harten Bel\u00e4ge. Sie &hellip; <\/p>\n<p class=\"link-more\"><a href=\"https:\/\/www.winandi.de\/zahnarzt\/prophylaxe\/\" class=\"more-link\"><span class=\"screen-reader-text\">\u201eProphylaxe\u201c<\/span> weiterlesen<\/a><\/p>\n","protected":false},"author":1,"featured_media":0,"parent":0,"menu_order":0,"comment_status":"closed","ping_status":"closed","template":"","meta":[],"_links":{"self":[{"href":"https:\/\/www.winandi.de\/zahnarzt\/wp-json\/wp\/v2\/pages\/227"}],"collection":[{"href":"https:\/\/www.winandi.de\/zahnarzt\/wp-json\/wp\/v2\/pages"}],"about":[{"href":"https:\/\/www.winandi.de\/zahnarzt\/wp-json\/wp\/v2\/types\/page"}],"author":[{"embeddable":true,"href":"https:\/\/www.winandi.de\/zahnarzt\/wp-json\/wp\/v2\/users\/1"}],"replies":[{"embeddable":true,"href":"https:\/\/www.winandi.de\/zahnarzt\/wp-json\/wp\/v2\/comments?post=227"}],"version-history":[{"count":4,"href":"https:\/\/www.winandi.de\/zahnarzt\/wp-json\/wp\/v2\/pages\/227\/revisions"}],"predecessor-version":[{"id":318,"href":"https:\/\/www.winandi.de\/zahnarzt\/wp-json\/wp\/v2\/pages\/227\/revisions\/318"}],"wp:attachment":[{"href":"https:\/\/www.winandi.de\/zahnarzt\/wp-json\/wp\/v2\/media?parent=227"}],"curies":[{"name":"wp","href":"https:\/\/api.w.org\/{rel}","templated":true}]}}